{"id":270,"date":"2021-06-01T19:32:02","date_gmt":"2021-06-01T17:32:02","guid":{"rendered":"http:\/\/concept-lead.com\/?page_id=270"},"modified":"2021-06-01T19:32:02","modified_gmt":"2021-06-01T17:32:02","slug":"mentions-legales","status":"publish","type":"page","link":"https:\/\/concept-lead.com\/index.php\/mentions-legales\/","title":{"rendered":"Mentions legales"},"content":{"rendered":"\n<p>Lead concept LTD<br>515076446<br>HAZAIT 1 TELSTONE<br>Isra\u00ebl<\/p>\n\n\n\n<p>Contact@concept-lead.com<\/p>\n\n\n\n<p>Conform\u00e9ment \u00e0 la loi num\u00e9ro 78-17 du 6 janvier 1978 relative \u00e0 l\u2019informatique, aux fichiers et aux libert\u00e9s dite \u00ab Loi Informatique et Libert\u00e9s \u00bb, vous disposez d\u2019un droit d\u2019opposition, d\u2019acc\u00e8s, de modification, de rectification et de suppression des informations nominatives vous concernant. Vous pouvez l\u2019exercer, conform\u00e9ment \u00e0 la Charte de Confidentialit\u00e9, notamment en adressant un courrier \u00e9lectronique \u00e0 contact@concept-lead.com .<\/p>\n","protected":false},"excerpt":{"rendered":"<p>Lead concept LTD515076446HAZAIT 1 TELSTONEIsra\u00ebl Contact@concept-lead.com Conform\u00e9ment \u00e0 la loi num\u00e9ro 78-17 du 6 janvier 1978 relative \u00e0 l\u2019informatique, aux fichiers et aux libert\u00e9s dite \u00ab Loi Informatique et Libert\u00e9s \u00bb, vous disposez d\u2019un droit d\u2019opposition, d\u2019acc\u00e8s, de modification, de rectification et de suppression des informations nominatives vous concernant. Vous pouvez l\u2019exercer, conform\u00e9ment \u00e0 la [&hellip;]<\/p>\n","protected":false},"author":1,"featured_media":0,"parent":0,"menu_order":0,"comment_status":"closed","ping_status":"closed","template":"","meta":[],"_links":{"self":[{"href":"https:\/\/concept-lead.com\/index.php\/wp-json\/wp\/v2\/pages\/270"}],"collection":[{"href":"https:\/\/concept-lead.com\/index.php\/wp-json\/wp\/v2\/pages"}],"about":[{"href":"https:\/\/concept-lead.com\/index.php\/wp-json\/wp\/v2\/types\/page"}],"author":[{"embeddable":true,"href":"https:\/\/concept-lead.com\/index.php\/wp-json\/wp\/v2\/users\/1"}],"replies":[{"embeddable":true,"href":"https:\/\/concept-lead.com\/index.php\/wp-json\/wp\/v2\/comments?post=270"}],"version-history":[{"count":1,"href":"https:\/\/concept-lead.com\/index.php\/wp-json\/wp\/v2\/pages\/270\/revisions"}],"predecessor-version":[{"id":271,"href":"https:\/\/concept-lead.com\/index.php\/wp-json\/wp\/v2\/pages\/270\/revisions\/271"}],"wp:attachment":[{"href":"https:\/\/concept-lead.com\/index.php\/wp-json\/wp\/v2\/media?parent=270"}],"curies":[{"name":"wp","href":"https:\/\/api.w.org\/{rel}","templated":true}]}}