{"id":277,"date":"2021-06-01T19:54:10","date_gmt":"2021-06-01T17:54:10","guid":{"rendered":"http:\/\/concept-lead.com\/?page_id=277"},"modified":"2021-06-01T19:54:10","modified_gmt":"2021-06-01T17:54:10","slug":"politique-de-confidentialite-2","status":"publish","type":"page","link":"https:\/\/concept-lead.com\/index.php\/politique-de-confidentialite-2\/","title":{"rendered":"Politique de confidentialit\u00e9"},"content":{"rendered":"\n<p>Politique de confidentialit\u00e9 de Lead Concept Ltd<\/p>\n\n\n\n<p>Chez Lead Concept Ltd, accessible depuis www.concept-lead.com l&#8217;une de nos principales priorit\u00e9s est la confidentialit\u00e9 de nos visiteurs. Ce document de politique de confidentialit\u00e9 contient les types d&#8217;informations collect\u00e9es et enregistr\u00e9es par Lead Concept Ltd et comment nous les utilisons.<\/p>\n\n\n\n<p>Si vous avez des questions suppl\u00e9mentaires ou avez besoin de plus d&#8217;informations sur notre politique de confidentialit\u00e9, n&#8217;h\u00e9sitez pas \u00e0 nous contacter.<\/p>\n\n\n\n<p>Cette politique de confidentialit\u00e9 s&#8217;applique uniquement \u00e0 nos activit\u00e9s en ligne et est valable pour les visiteurs de notre site Web en ce qui concerne les informations qu&#8217;ils ont partag\u00e9es et \/ ou collect\u00e9es dans Lead Concept Ltd. Cette politique ne s&#8217;applique pas aux informations collect\u00e9es hors ligne ou via des canaux autre que ce site Web.<\/p>\n\n\n\n<p>Consentement<\/p>\n\n\n\n<p>En utilisant notre site Web, vous acceptez par la pr\u00e9sente notre politique de confidentialit\u00e9 et acceptez ses conditions.<\/p>\n\n\n\n<p>Informations que nous collectons<\/p>\n\n\n\n<p>Les informations personnelles que vous \u00eates invit\u00e9 \u00e0 fournir et les raisons pour lesquelles vous \u00eates invit\u00e9 \u00e0 les fournir vous seront pr\u00e9cis\u00e9es au moment o\u00f9 nous vous demanderons de fournir vos informations personnelles.<\/p>\n\n\n\n<p>Si vous nous contactez directement, nous pouvons recevoir des informations suppl\u00e9mentaires \u00e0 votre sujet, telles que votre nom, votre adresse e-mail, votre num\u00e9ro de t\u00e9l\u00e9phone, le contenu du message et \/ ou des pi\u00e8ces jointes que vous pouvez nous envoyer, et toute autre information que vous pouvez choisir de fournir .<\/p>\n\n\n\n<p>Lorsque vous vous inscrivez \u00e0 un compte, nous pouvons vous demander vos coordonn\u00e9es, y compris des \u00e9l\u00e9ments tels que le nom, le nom de l&#8217;entreprise, l&#8217;adresse, l&#8217;adresse e-mail et le num\u00e9ro de t\u00e9l\u00e9phone.<\/p>\n\n\n\n<p>Comment nous utilisons vos informations<\/p>\n\n\n\n<p>Nous utilisons les informations que nous collectons de diff\u00e9rentes mani\u00e8res, notamment pour:<\/p>\n\n\n\n<ul><li>Fournir, exploiter et maintenir notre site Web<\/li><li>Am\u00e9liorer, personnaliser et \u00e9largir notre site Web<\/li><li>Comprendre et analyser la fa\u00e7on dont vous utilisez notre site Web<\/li><li>D\u00e9velopper de nouveaux produits, services, caract\u00e9ristiques et fonctionnalit\u00e9s<\/li><li>Communiquez avec vous, soit directement, soit par l&#8217;interm\u00e9diaire de l&#8217;un de nos partenaires, y compris pour le service client, pour vous fournir des mises \u00e0 jour et d&#8217;autres informations relatives \u00e0 notre site web, ainsi qu&#8217;\u00e0 des fins de marketing et de promotion<\/li><li>Vous envoyer des e-mails<\/li><li>Trouver et pr\u00e9venir la fraude<\/li><\/ul>\n\n\n\n<p>Fichiers journaux<\/p>\n\n\n\n<p>Lead Concept Ltd suit une proc\u00e9dure standard d&#8217;utilisation des fichiers journaux. Ces fichiers enregistrent les visiteurs lorsqu&#8217;ils visitent des sites Web. Toutes les soci\u00e9t\u00e9s d&#8217;h\u00e9bergement font cela et font partie de l&#8217;analyse des services d&#8217;h\u00e9bergement. Les informations collect\u00e9es par les fichiers journaux incluent les adresses de protocole Internet (IP), le type de navigateur, le fournisseur d&#8217;acc\u00e8s Internet (FAI), la date et l&#8217;heure, les pages de renvoi \/ sortie et \u00e9ventuellement le nombre de clics. Ceux-ci ne sont li\u00e9s \u00e0 aucune information personnellement identifiable. Le but de l&#8217;information est d&#8217;analyser les tendances, d&#8217;administrer le site, de suivre les mouvements des utilisateurs sur le site Web et de recueillir des informations d\u00e9mographiques.<\/p>\n\n\n\n<p>Cookies et balises Web<\/p>\n\n\n\n<p>Comme tout autre site Web, Lead Concept Ltd utilise des \u00abcookies\u00bb. Ces cookies sont utilis\u00e9s pour stocker des informations, y compris les pr\u00e9f\u00e9rences des visiteurs, et les pages du site Web auxquelles le visiteur a acc\u00e9d\u00e9 ou visit\u00e9. Les informations sont utilis\u00e9es pour optimiser l&#8217;exp\u00e9rience des utilisateurs en personnalisant le contenu de notre page Web en fonction du type de navigateur des visiteurs et \/ ou d&#8217;autres informations.<\/p>\n\n\n\n<p>Pour des informations plus g\u00e9n\u00e9rales sur les cookies, veuillez lire&nbsp;<a href=\"https:\/\/www.cookieconsent.com\/what-are-cookies\/\" target=\"_blank\" rel=\"noreferrer noopener\">&#8220;Que sont les cookies&#8221;&nbsp;<\/a>.<\/p>\n\n\n\n<p>Politiques de confidentialit\u00e9 des partenaires publicitaires<\/p>\n\n\n\n<p>Vous pouvez consulter cette liste pour trouver la politique de confidentialit\u00e9 de chacun des partenaires publicitaires de Lead Concept Ltd.<\/p>\n\n\n\n<p>Les serveurs publicitaires ou r\u00e9seaux publicitaires tiers utilisent des technologies telles que les cookies, JavaScript ou les balises Web qui sont utilis\u00e9es dans leurs publicit\u00e9s et liens respectifs qui apparaissent sur Lead Concept Ltd, qui sont envoy\u00e9s directement au navigateur des utilisateurs. Ils re\u00e7oivent automatiquement votre adresse IP lorsque cela se produit. Ces technologies sont utilis\u00e9es pour mesurer l&#8217;efficacit\u00e9 de leurs campagnes publicitaires et \/ ou pour personnaliser le contenu publicitaire que vous voyez sur les sites Web que vous visitez.<\/p>\n\n\n\n<p>Notez que Lead Concept Ltd n&#8217;a aucun acc\u00e8s ni contr\u00f4le sur ces cookies qui sont utilis\u00e9s par des annonceurs tiers.<\/p>\n\n\n\n<p>Politiques de confidentialit\u00e9 des tiers<\/p>\n\n\n\n<p>La politique de confidentialit\u00e9 de Lead Concept Ltd ne s&#8217;applique pas aux autres annonceurs ou sites Web. Ainsi, nous vous conseillons de consulter les politiques de confidentialit\u00e9 respectives de ces serveurs publicitaires tiers pour des informations plus d\u00e9taill\u00e9es. Il peut inclure leurs pratiques et instructions sur la fa\u00e7on de d\u00e9sactiver certaines options.<\/p>\n\n\n\n<p>Vous pouvez choisir de d\u00e9sactiver les cookies via les options de votre navigateur individuel. Pour obtenir des informations plus d\u00e9taill\u00e9es sur la gestion des cookies avec des navigateurs Web sp\u00e9cifiques, vous pouvez les trouver sur les sites Web respectifs des navigateurs.<\/p>\n\n\n\n<p>Droits de confidentialit\u00e9 de l&#8217;ACCP (ne pas vendre nos informations personnelles)<\/p>\n\n\n\n<p>En vertu de la CCPA, entre autres droits, les consommateurs californiens ont le droit de:<\/p>\n\n\n\n<p>Demander \u00e0 une entreprise qui collecte des donn\u00e9es personnelles d&#8217;un consommateur de divulguer les cat\u00e9gories et \u00e9l\u00e9ments sp\u00e9cifiques de donn\u00e9es personnelles qu&#8217;une entreprise a collect\u00e9es sur les consommateurs.<\/p>\n\n\n\n<p>Demander \u00e0 une entreprise de supprimer toutes les donn\u00e9es personnelles sur le consommateur qu&#8217;une entreprise a collect\u00e9es.<\/p>\n\n\n\n<p>Demander \u00e0 une entreprise qui vend les donn\u00e9es personnelles d&#8217;un consommateur de ne pas vendre les donn\u00e9es personnelles du consommateur.<\/p>\n\n\n\n<p>Si vous faites une demande, nous avons un mois pour vous r\u00e9pondre. Si vous souhaitez exercer l&#8217;un de ces droits, veuillez nous contacter.<\/p>\n\n\n\n<p>Droits de protection des donn\u00e9es GDPR<\/p>\n\n\n\n<p>Nous souhaitons nous assurer que vous connaissez parfaitement tous vos droits en mati\u00e8re de protection des donn\u00e9es. Chaque utilisateur a droit \u00e0 ce qui suit:<\/p>\n\n\n\n<p>Le droit d&#8217;acc\u00e8s &#8211; Vous avez le droit de demander des copies de vos donn\u00e9es personnelles. Nous pouvons vous facturer une somme modique pour ce service.<\/p>\n\n\n\n<p>Le droit de rectification &#8211; Vous avez le droit de demander que nous corrigions toute information que vous jugez inexacte. Vous avez \u00e9galement le droit de demander que nous compl\u00e9tions les informations que vous jugez incompl\u00e8tes.<\/p>\n\n\n\n<p>Le droit \u00e0 l&#8217;effacement &#8211; Vous avez le droit de demander que nous effacions vos donn\u00e9es personnelles, sous certaines conditions.<\/p>\n\n\n\n<p>Le droit de restreindre le traitement &#8211; Vous avez le droit de demander que nous restreignions le traitement de vos donn\u00e9es personnelles, sous certaines conditions.<\/p>\n\n\n\n<p>Le droit de vous opposer au traitement &#8211; Vous avez le droit de vous opposer \u00e0 notre traitement de vos donn\u00e9es personnelles, sous certaines conditions.<\/p>\n\n\n\n<p>Le droit \u00e0 la portabilit\u00e9 des donn\u00e9es &#8211; Vous avez le droit de demander que nous transf\u00e9rions les donn\u00e9es que nous avons collect\u00e9es \u00e0 une autre organisation, ou directement \u00e0 vous, sous certaines conditions.<\/p>\n\n\n\n<p>Si vous faites une demande, nous avons un mois pour vous r\u00e9pondre. Si vous souhaitez exercer l&#8217;un de ces droits, veuillez nous contacter.<\/p>\n\n\n\n<p>Informations pour les enfants<\/p>\n\n\n\n<p>Une autre partie de notre priorit\u00e9 consiste \u00e0 ajouter une protection aux enfants lors de l&#8217;utilisation d&#8217;Internet. Nous encourageons les parents et les tuteurs \u00e0 observer, participer et \/ ou surveiller et guider leur activit\u00e9 en ligne.<\/p>\n\n\n\n<p>Lead Concept Ltd ne recueille sciemment aucune information personnelle identifiable d&#8217;enfants de moins de 13 ans. Si vous pensez que votre enfant a fourni ce type d&#8217;informations sur notre site Web, nous vous encourageons fortement \u00e0 nous contacter imm\u00e9diatement et nous nous effor\u00e7ons de supprimer rapidement ces informations de nos dossiers.<\/p>\n","protected":false},"excerpt":{"rendered":"<p>Politique de confidentialit\u00e9 de Lead Concept Ltd Chez Lead Concept Ltd, accessible depuis www.concept-lead.com l&#8217;une de nos principales priorit\u00e9s est la confidentialit\u00e9 de nos visiteurs. Ce document de politique de confidentialit\u00e9 contient les types d&#8217;informations collect\u00e9es et enregistr\u00e9es par Lead Concept Ltd et comment nous les utilisons. Si vous avez des questions suppl\u00e9mentaires ou avez [&hellip;]<\/p>\n","protected":false},"author":1,"featured_media":0,"parent":0,"menu_order":0,"comment_status":"closed","ping_status":"closed","template":"","meta":[],"_links":{"self":[{"href":"https:\/\/concept-lead.com\/index.php\/wp-json\/wp\/v2\/pages\/277"}],"collection":[{"href":"https:\/\/concept-lead.com\/index.php\/wp-json\/wp\/v2\/pages"}],"about":[{"href":"https:\/\/concept-lead.com\/index.php\/wp-json\/wp\/v2\/types\/page"}],"author":[{"embeddable":true,"href":"https:\/\/concept-lead.com\/index.php\/wp-json\/wp\/v2\/users\/1"}],"replies":[{"embeddable":true,"href":"https:\/\/concept-lead.com\/index.php\/wp-json\/wp\/v2\/comments?post=277"}],"version-history":[{"count":1,"href":"https:\/\/concept-lead.com\/index.php\/wp-json\/wp\/v2\/pages\/277\/revisions"}],"predecessor-version":[{"id":279,"href":"https:\/\/concept-lead.com\/index.php\/wp-json\/wp\/v2\/pages\/277\/revisions\/279"}],"wp:attachment":[{"href":"https:\/\/concept-lead.com\/index.php\/wp-json\/wp\/v2\/media?parent=277"}],"curies":[{"name":"wp","href":"https:\/\/api.w.org\/{rel}","templated":true}]}}